{"id":806,"date":"2024-01-17T18:06:28","date_gmt":"2024-01-17T17:06:28","guid":{"rendered":"https:\/\/logobijou.com\/contact\/"},"modified":"2024-03-18T18:51:39","modified_gmt":"2024-03-18T17:51:39","slug":"contact","status":"publish","type":"page","link":"https:\/\/logobijou.com\/en\/contact\/","title":{"rendered":"Contact"},"content":{"rendered":"\t\t<div data-elementor-type=\"wp-page\" data-elementor-id=\"806\" class=\"elementor elementor-806 elementor-39\" data-elementor-post-type=\"page\">\n\t\t\t\t<div class=\"elementor-element elementor-element-61ade1e e-con-full e-flex e-con e-parent\" data-id=\"61ade1e\" data-element_type=\"container\" data-e-type=\"container\" data-settings=\"{&quot;jet_parallax_layout_list&quot;:[]}\">\n\t\t<div class=\"elementor-element elementor-element-9884e66 e-con-full e-flex e-con e-child\" data-id=\"9884e66\" data-element_type=\"container\" data-e-type=\"container\" data-settings=\"{&quot;background_background&quot;:&quot;classic&quot;,&quot;background_motion_fx_motion_fx_scrolling&quot;:&quot;yes&quot;,&quot;background_motion_fx_translateY_effect&quot;:&quot;yes&quot;,&quot;background_motion_fx_translateY_direction&quot;:&quot;negative&quot;,&quot;background_motion_fx_translateY_speed&quot;:{&quot;unit&quot;:&quot;px&quot;,&quot;size&quot;:1.5,&quot;sizes&quot;:[]},&quot;background_motion_fx_translateY_affectedRange&quot;:{&quot;unit&quot;:&quot;%&quot;,&quot;size&quot;:&quot;&quot;,&quot;sizes&quot;:{&quot;start&quot;:0,&quot;end&quot;:100}},&quot;background_motion_fx_devices&quot;:[&quot;desktop&quot;,&quot;tablet&quot;,&quot;mobile&quot;],&quot;jet_parallax_layout_list&quot;:[]}\">\n\t\t\t\t<\/div>\n\t\t<div class=\"elementor-element elementor-element-4feb9cc e-con-full e-flex e-con e-child\" data-id=\"4feb9cc\" data-element_type=\"container\" data-e-type=\"container\" data-settings=\"{&quot;jet_parallax_layout_list&quot;:[]}\">\n\t\t\t\t<div class=\"elementor-element elementor-element-912fcd1 elementor-headline--style-rotate elementor-invisible elementor-widget elementor-widget-animated-headline\" data-id=\"912fcd1\" data-element_type=\"widget\" data-e-type=\"widget\" data-settings=\"{&quot;headline_style&quot;:&quot;rotate&quot;,&quot;animation_type&quot;:&quot;slide&quot;,&quot;rotating_text&quot;:&quot;contact us&quot;,&quot;_animation&quot;:&quot;fadeInLeft&quot;,&quot;rotate_iteration_delay&quot;:2500}\" data-widget_type=\"animated-headline.default\">\n\t\t\t\t<div class=\"elementor-widget-container\">\n\t\t\t\t\t\t\t<h2 class=\"elementor-headline elementor-headline-animation-type-slide\">\n\t\t\t\t\t<span class=\"elementor-headline-plain-text elementor-headline-text-wrapper\">Please <\/span>\n\t\t\t\t<span class=\"elementor-headline-dynamic-wrapper elementor-headline-text-wrapper\">\n\t\t\t\t\t<span class=\"elementor-headline-dynamic-text elementor-headline-text-active\">\n\t\t\t\tcontact&nbsp;us\t\t\t<\/span>\n\t\t\t\t\t\t<\/span>\n\t\t\t\t<\/h2>\n\t\t\t\t\t\t<\/div>\n\t\t\t\t<\/div>\n\t\t\t\t<div class=\"elementor-element elementor-element-c8e3bf9 elementor-widget elementor-widget-text-editor\" data-id=\"c8e3bf9\" data-element_type=\"widget\" data-e-type=\"widget\" data-widget_type=\"text-editor.default\">\n\t\t\t\t<div class=\"elementor-widget-container\">\n\t\t\t\t\t\t\t\t\t<p>To contact us please fill out the form. We will get back to you within 2 business days.<\/p>\n\t\t\t\t\t\t\t\t<\/div>\n\t\t\t\t<\/div>\n\t\t\t\t<div class=\"elementor-element elementor-element-fe930b2 elementor-button-align-start elementor-tablet-button-align-center elementor-widget elementor-widget-form\" data-id=\"fe930b2\" data-element_type=\"widget\" data-e-type=\"widget\" data-settings=\"{&quot;step_next_label&quot;:&quot;Next&quot;,&quot;step_previous_label&quot;:&quot;Previous&quot;,&quot;button_width&quot;:&quot;100&quot;,&quot;step_type&quot;:&quot;number_text&quot;,&quot;step_icon_shape&quot;:&quot;circle&quot;}\" data-widget_type=\"form.default\">\n\t\t\t\t<div class=\"elementor-widget-container\">\n\t\t\t\t\t\t\t<form class=\"elementor-form\" method=\"post\" name=\"New Form\" aria-label=\"New Form\">\n\t\t\t<input type=\"hidden\" name=\"post_id\" value=\"806\"\/>\n\t\t\t<input type=\"hidden\" name=\"form_id\" value=\"fe930b2\"\/>\n\t\t\t<input type=\"hidden\" name=\"referer_title\" value=\"LogoBijou\u00ae\" \/>\n\n\t\t\t\n\t\t\t<div class=\"elementor-form-fields-wrapper elementor-labels-\">\n\t\t\t\t\t\t\t\t<div class=\"elementor-field-type-text elementor-field-group elementor-column elementor-field-group-name elementor-col-100 elementor-field-required\">\n\t\t\t\t\t\t\t\t\t\t\t\t<label for=\"form-field-name\" class=\"elementor-field-label elementor-screen-only\">\n\t\t\t\t\t\t\t\tCompany name\t\t\t\t\t\t\t<\/label>\n\t\t\t\t\t\t\t\t\t\t\t\t\t\t<input size=\"1\" type=\"text\" name=\"form_fields[name]\" id=\"form-field-name\" class=\"elementor-field elementor-size-sm  elementor-field-textual\" placeholder=\"Company name\" required=\"required\">\n\t\t\t\t\t\t\t\t\t\t\t<\/div>\n\t\t\t\t\t\t\t\t<div class=\"elementor-field-type-text elementor-field-group elementor-column elementor-field-group-field_9bb90ff elementor-col-100\">\n\t\t\t\t\t\t\t\t\t\t\t\t<label for=\"form-field-field_9bb90ff\" class=\"elementor-field-label elementor-screen-only\">\n\t\t\t\t\t\t\t\tVAT number\t\t\t\t\t\t\t<\/label>\n\t\t\t\t\t\t\t\t\t\t\t\t\t\t<input size=\"1\" type=\"text\" name=\"form_fields[field_9bb90ff]\" id=\"form-field-field_9bb90ff\" class=\"elementor-field elementor-size-sm  elementor-field-textual\" placeholder=\"VAT number\">\n\t\t\t\t\t\t\t\t\t\t\t<\/div>\n\t\t\t\t\t\t\t\t<div class=\"elementor-field-type-email elementor-field-group elementor-column elementor-field-group-field_e280bd0 elementor-col-100 elementor-field-required\">\n\t\t\t\t\t\t\t\t\t\t\t\t<label for=\"form-field-field_e280bd0\" class=\"elementor-field-label elementor-screen-only\">\n\t\t\t\t\t\t\t\te-mail\t\t\t\t\t\t\t<\/label>\n\t\t\t\t\t\t\t\t\t\t\t\t\t\t<input size=\"1\" type=\"email\" name=\"form_fields[field_e280bd0]\" id=\"form-field-field_e280bd0\" class=\"elementor-field elementor-size-sm  elementor-field-textual\" placeholder=\"e-mail\" required=\"required\">\n\t\t\t\t\t\t\t\t\t\t\t<\/div>\n\t\t\t\t\t\t\t\t<div class=\"elementor-field-type-tel elementor-field-group elementor-column elementor-field-group-email elementor-col-100 elementor-field-required\">\n\t\t\t\t\t\t\t\t\t\t\t\t<label for=\"form-field-email\" class=\"elementor-field-label elementor-screen-only\">\n\t\t\t\t\t\t\t\tPhone\t\t\t\t\t\t\t<\/label>\n\t\t\t\t\t\t\t\t<input size=\"1\" type=\"tel\" name=\"form_fields[email]\" id=\"form-field-email\" class=\"elementor-field elementor-size-sm  elementor-field-textual\" placeholder=\"Phone No.\" required=\"required\" pattern=\"[0-9()#&amp;+*-=.]+\" title=\"Only numbers and phone characters (#, -, *, etc) are accepted.\">\n\n\t\t\t\t\t\t<\/div>\n\t\t\t\t\t\t\t\t<div class=\"elementor-field-type-textarea elementor-field-group elementor-column elementor-field-group-field_b17b517 elementor-col-100\">\n\t\t\t\t\t\t\t\t\t\t\t\t<label for=\"form-field-field_b17b517\" class=\"elementor-field-label elementor-screen-only\">\n\t\t\t\t\t\t\t\tMessage\t\t\t\t\t\t\t<\/label>\n\t\t\t\t\t\t<textarea class=\"elementor-field-textual elementor-field  elementor-size-sm\" name=\"form_fields[field_b17b517]\" id=\"form-field-field_b17b517\" rows=\"2\" placeholder=\"Message\"><\/textarea>\t\t\t\t<\/div>\n\t\t\t\t\t\t\t\t<div class=\"elementor-field-group elementor-column elementor-field-type-submit elementor-col-100 e-form__buttons\">\n\t\t\t\t\t<button class=\"elementor-button elementor-size-xs\" type=\"submit\">\n\t\t\t\t\t\t<span class=\"elementor-button-content-wrapper\">\n\t\t\t\t\t\t\t\t\t\t\t\t\t\t\t\t\t\t\t\t\t\t<span class=\"elementor-button-text\">Send<\/span>\n\t\t\t\t\t\t\t\t\t\t\t\t\t<\/span>\n\t\t\t\t\t<\/button>\n\t\t\t\t<\/div>\n\t\t\t<\/div>\n\t\t<\/form>\n\t\t\t\t\t\t<\/div>\n\t\t\t\t<\/div>\n\t\t\t\t<\/div>\n\t\t\t\t<\/div>\n\t\t\t\t<\/div>\n\t\t","protected":false},"excerpt":{"rendered":"<p>Please contact&nbsp;us To contact us please fill out the form. We will get back to you within 2 business days.<\/p>\n","protected":false},"author":1,"featured_media":0,"parent":0,"menu_order":0,"comment_status":"closed","ping_status":"closed","template":"","meta":{"iawp_total_views":70,"footnotes":""},"class_list":["post-806","page","type-page","status-publish","hentry"],"yoast_head":"<!-- This site is optimized with the Yoast SEO Premium plugin v27.1 (Yoast SEO v27.1.1) - https:\/\/yoast.com\/product\/yoast-seo-premium-wordpress\/ -->\n<title>Contact - LogoBijou\u00ae<\/title>\n<meta name=\"robots\" content=\"index, follow, max-snippet:-1, max-image-preview:large, max-video-preview:-1\" \/>\n<link rel=\"canonical\" href=\"https:\/\/logobijou.com\/en\/contact\/\" \/>\n<meta property=\"og:locale\" content=\"en_US\" \/>\n<meta property=\"og:type\" content=\"article\" \/>\n<meta property=\"og:title\" content=\"Contact\" \/>\n<meta property=\"og:description\" content=\"Please contact&nbsp;us To contact us please fill out the form. We will get back to you within 2 business days.\" \/>\n<meta property=\"og:url\" content=\"https:\/\/logobijou.com\/en\/contact\/\" \/>\n<meta property=\"og:site_name\" content=\"LogoBijou\u00ae\" \/>\n<meta property=\"article:modified_time\" content=\"2024-03-18T17:51:39+00:00\" \/>\n<meta name=\"twitter:card\" content=\"summary_large_image\" \/>\n<script type=\"application\/ld+json\" class=\"yoast-schema-graph\">{\"@context\":\"https:\/\/schema.org\",\"@graph\":[{\"@type\":\"WebPage\",\"@id\":\"https:\/\/logobijou.com\/en\/contact\/\",\"url\":\"https:\/\/logobijou.com\/en\/contact\/\",\"name\":\"Contact - LogoBijou\u00ae\",\"isPartOf\":{\"@id\":\"https:\/\/logobijou.com\/en\/#website\"},\"datePublished\":\"2024-01-17T17:06:28+00:00\",\"dateModified\":\"2024-03-18T17:51:39+00:00\",\"breadcrumb\":{\"@id\":\"https:\/\/logobijou.com\/en\/contact\/#breadcrumb\"},\"inLanguage\":\"en-US\",\"potentialAction\":[{\"@type\":\"ReadAction\",\"target\":[\"https:\/\/logobijou.com\/en\/contact\/\"]}]},{\"@type\":\"BreadcrumbList\",\"@id\":\"https:\/\/logobijou.com\/en\/contact\/#breadcrumb\",\"itemListElement\":[{\"@type\":\"ListItem\",\"position\":1,\"name\":\"Home\",\"item\":\"https:\/\/logobijou.com\/en\/\"},{\"@type\":\"ListItem\",\"position\":2,\"name\":\"Contact\"}]},{\"@type\":\"WebSite\",\"@id\":\"https:\/\/logobijou.com\/en\/#website\",\"url\":\"https:\/\/logobijou.com\/en\/\",\"name\":\"LogoBijou\u00ae\",\"description\":\"Bi\u017cuteria reklamowa - prezenty biznesowe\",\"publisher\":{\"@id\":\"https:\/\/logobijou.com\/en\/#organization\"},\"alternateName\":\"LogoBijou\",\"potentialAction\":[{\"@type\":\"SearchAction\",\"target\":{\"@type\":\"EntryPoint\",\"urlTemplate\":\"https:\/\/logobijou.com\/en\/?s={search_term_string}\"},\"query-input\":{\"@type\":\"PropertyValueSpecification\",\"valueRequired\":true,\"valueName\":\"search_term_string\"}}],\"inLanguage\":\"en-US\"},{\"@type\":\"Organization\",\"@id\":\"https:\/\/logobijou.com\/en\/#organization\",\"name\":\"LogoBijou\u00ae\",\"alternateName\":\"LogoBijou\",\"url\":\"https:\/\/logobijou.com\/en\/\",\"logo\":{\"@type\":\"ImageObject\",\"inLanguage\":\"en-US\",\"@id\":\"https:\/\/logobijou.com\/en\/#\/schema\/logo\/image\/\",\"url\":\"https:\/\/logobijou.com\/wp-content\/uploads\/2024\/01\/logobijou_logo3.png\",\"contentUrl\":\"https:\/\/logobijou.com\/wp-content\/uploads\/2024\/01\/logobijou_logo3.png\",\"width\":784,\"height\":442,\"caption\":\"LogoBijou\u00ae\"},\"image\":{\"@id\":\"https:\/\/logobijou.com\/en\/#\/schema\/logo\/image\/\"},\"description\":\"LogoBijou to producent bi\u017cuterii na zam\u00f3wienie i bi\u017cuterii personalizowanej dla firm, organizacji i spo\u0142eczno\u015bci. Projektujemy i wytwarzamy bi\u017cuteri\u0119 z logo, symbolem lub motywem zwi\u0105zanym z mark\u0105, wydarzeniem lub ide\u0105. Ka\u017cdy projekt powstaje indywidualnie \u2013 od koncepcji po gotowy produkt.\",\"email\":\"logobijou@lemoniq.pl\",\"telephone\":\"+48222990447\",\"legalName\":\"Rafa\u0142 Juchno BC\",\"foundingDate\":\"2008-05-01\",\"vatID\":\"PL8652017456\",\"numberOfEmployees\":{\"@type\":\"QuantitativeValue\",\"minValue\":\"1\",\"maxValue\":\"10\"}}]}<\/script>\n<!-- \/ Yoast SEO Premium plugin. -->","yoast_head_json":{"title":"Contact - LogoBijou\u00ae","robots":{"index":"index","follow":"follow","max-snippet":"max-snippet:-1","max-image-preview":"max-image-preview:large","max-video-preview":"max-video-preview:-1"},"canonical":"https:\/\/logobijou.com\/en\/contact\/","og_locale":"en_US","og_type":"article","og_title":"Contact","og_description":"Please contact&nbsp;us To contact us please fill out the form. We will get back to you within 2 business days.","og_url":"https:\/\/logobijou.com\/en\/contact\/","og_site_name":"LogoBijou\u00ae","article_modified_time":"2024-03-18T17:51:39+00:00","twitter_card":"summary_large_image","schema":{"@context":"https:\/\/schema.org","@graph":[{"@type":"WebPage","@id":"https:\/\/logobijou.com\/en\/contact\/","url":"https:\/\/logobijou.com\/en\/contact\/","name":"Contact - LogoBijou\u00ae","isPartOf":{"@id":"https:\/\/logobijou.com\/en\/#website"},"datePublished":"2024-01-17T17:06:28+00:00","dateModified":"2024-03-18T17:51:39+00:00","breadcrumb":{"@id":"https:\/\/logobijou.com\/en\/contact\/#breadcrumb"},"inLanguage":"en-US","potentialAction":[{"@type":"ReadAction","target":["https:\/\/logobijou.com\/en\/contact\/"]}]},{"@type":"BreadcrumbList","@id":"https:\/\/logobijou.com\/en\/contact\/#breadcrumb","itemListElement":[{"@type":"ListItem","position":1,"name":"Home","item":"https:\/\/logobijou.com\/en\/"},{"@type":"ListItem","position":2,"name":"Contact"}]},{"@type":"WebSite","@id":"https:\/\/logobijou.com\/en\/#website","url":"https:\/\/logobijou.com\/en\/","name":"LogoBijou\u00ae","description":"Bi\u017cuteria reklamowa - prezenty biznesowe","publisher":{"@id":"https:\/\/logobijou.com\/en\/#organization"},"alternateName":"LogoBijou","potentialAction":[{"@type":"SearchAction","target":{"@type":"EntryPoint","urlTemplate":"https:\/\/logobijou.com\/en\/?s={search_term_string}"},"query-input":{"@type":"PropertyValueSpecification","valueRequired":true,"valueName":"search_term_string"}}],"inLanguage":"en-US"},{"@type":"Organization","@id":"https:\/\/logobijou.com\/en\/#organization","name":"LogoBijou\u00ae","alternateName":"LogoBijou","url":"https:\/\/logobijou.com\/en\/","logo":{"@type":"ImageObject","inLanguage":"en-US","@id":"https:\/\/logobijou.com\/en\/#\/schema\/logo\/image\/","url":"https:\/\/logobijou.com\/wp-content\/uploads\/2024\/01\/logobijou_logo3.png","contentUrl":"https:\/\/logobijou.com\/wp-content\/uploads\/2024\/01\/logobijou_logo3.png","width":784,"height":442,"caption":"LogoBijou\u00ae"},"image":{"@id":"https:\/\/logobijou.com\/en\/#\/schema\/logo\/image\/"},"description":"LogoBijou to producent bi\u017cuterii na zam\u00f3wienie i bi\u017cuterii personalizowanej dla firm, organizacji i spo\u0142eczno\u015bci. Projektujemy i wytwarzamy bi\u017cuteri\u0119 z logo, symbolem lub motywem zwi\u0105zanym z mark\u0105, wydarzeniem lub ide\u0105. Ka\u017cdy projekt powstaje indywidualnie \u2013 od koncepcji po gotowy produkt.","email":"logobijou@lemoniq.pl","telephone":"+48222990447","legalName":"Rafa\u0142 Juchno BC","foundingDate":"2008-05-01","vatID":"PL8652017456","numberOfEmployees":{"@type":"QuantitativeValue","minValue":"1","maxValue":"10"}}]}},"_links":{"self":[{"href":"https:\/\/logobijou.com\/en\/wp-json\/wp\/v2\/pages\/806","targetHints":{"allow":["GET"]}}],"collection":[{"href":"https:\/\/logobijou.com\/en\/wp-json\/wp\/v2\/pages"}],"about":[{"href":"https:\/\/logobijou.com\/en\/wp-json\/wp\/v2\/types\/page"}],"author":[{"embeddable":true,"href":"https:\/\/logobijou.com\/en\/wp-json\/wp\/v2\/users\/1"}],"replies":[{"embeddable":true,"href":"https:\/\/logobijou.com\/en\/wp-json\/wp\/v2\/comments?post=806"}],"version-history":[{"count":0,"href":"https:\/\/logobijou.com\/en\/wp-json\/wp\/v2\/pages\/806\/revisions"}],"wp:attachment":[{"href":"https:\/\/logobijou.com\/en\/wp-json\/wp\/v2\/media?parent=806"}],"curies":[{"name":"wp","href":"https:\/\/api.w.org\/{rel}","templated":true}]}}